{"id":1313,"date":"2021-05-10T10:14:04","date_gmt":"2021-05-10T08:14:04","guid":{"rendered":"http:\/\/lejardindumarche.com\/?page_id=1313"},"modified":"2025-04-14T09:10:54","modified_gmt":"2025-04-14T07:10:54","slug":"carte-gouter-jardin-du-marche","status":"publish","type":"page","link":"https:\/\/lejardindumarche.com\/index.php\/carte-gouter-jardin-du-marche\/","title":{"rendered":"Go\u00fbter"},"content":{"rendered":"\t\t<div data-elementor-type=\"wp-page\" data-elementor-id=\"1313\" class=\"elementor elementor-1313\">\n\t\t\t\t\t\t<section class=\"elementor-section elementor-top-section elementor-element elementor-element-1b784a0 elementor-section-full_width elementor-section-height-default elementor-section-height-default\" data-id=\"1b784a0\" data-element_type=\"section\" data-e-type=\"section\">\n\t\t\t\t\t\t<div class=\"elementor-container elementor-column-gap-default\">\n\t\t\t\t\t<div class=\"elementor-column elementor-col-100 elementor-top-column elementor-element elementor-element-0e6d83f\" data-id=\"0e6d83f\" data-element_type=\"column\" data-e-type=\"column\">\n\t\t\t<div class=\"elementor-widget-wrap elementor-element-populated\">\n\t\t\t\t\t\t<div class=\"elementor-element elementor-element-f6ad7f1 elementor-widget elementor-widget-shortcode\" data-id=\"f6ad7f1\" data-element_type=\"widget\" data-e-type=\"widget\" data-widget_type=\"shortcode.default\">\n\t\t\t\t<div class=\"elementor-widget-container\">\n\t\t\t\t\t\t\t<div class=\"elementor-shortcode\">\t\t<div data-elementor-type=\"wp-post\" data-elementor-id=\"1332\" class=\"elementor elementor-1332\">\n\t\t\t\t\t\t<section class=\"elementor-section elementor-top-section elementor-element elementor-element-9d71f2e elementor-section-full_width elementor-section-height-default elementor-section-height-default\" data-id=\"9d71f2e\" data-element_type=\"section\" data-e-type=\"section\">\n\t\t\t\t\t\t<div class=\"elementor-container elementor-column-gap-default\">\n\t\t\t\t\t<div class=\"elementor-column elementor-col-33 elementor-top-column elementor-element elementor-element-2185ff8\" data-id=\"2185ff8\" data-element_type=\"column\" data-e-type=\"column\">\n\t\t\t<div class=\"elementor-widget-wrap elementor-element-populated\">\n\t\t\t\t\t\t<div class=\"elementor-element elementor-element-f7a9e0b elementor-widget elementor-widget-image\" data-id=\"f7a9e0b\" data-element_type=\"widget\" data-e-type=\"widget\" data-widget_type=\"image.default\">\n\t\t\t\t<div class=\"elementor-widget-container\">\n\t\t\t\t\t\t\t\t\t\t\t\t\t\t\t<img decoding=\"async\" width=\"300\" height=\"109\" src=\"https:\/\/i0.wp.com\/lejardindumarche.com\/wp-content\/uploads\/2021\/03\/cropped-logo-OK-en-longueur-vecto.png?fit=300%2C109&amp;ssl=1\" class=\"attachment-medium size-medium wp-image-570\" alt=\"\" srcset=\"https:\/\/i0.wp.com\/lejardindumarche.com\/wp-content\/uploads\/2021\/03\/cropped-logo-OK-en-longueur-vecto.png?w=1051&amp;ssl=1 1051w, https:\/\/i0.wp.com\/lejardindumarche.com\/wp-content\/uploads\/2021\/03\/cropped-logo-OK-en-longueur-vecto.png?resize=300%2C109&amp;ssl=1 300w, https:\/\/i0.wp.com\/lejardindumarche.com\/wp-content\/uploads\/2021\/03\/cropped-logo-OK-en-longueur-vecto.png?resize=1024%2C371&amp;ssl=1 1024w, https:\/\/i0.wp.com\/lejardindumarche.com\/wp-content\/uploads\/2021\/03\/cropped-logo-OK-en-longueur-vecto.png?resize=768%2C278&amp;ssl=1 768w\" sizes=\"(max-width: 300px) 100vw, 300px\" \/>\t\t\t\t\t\t\t\t\t\t\t\t\t\t\t<\/div>\n\t\t\t\t<\/div>\n\t\t\t\t\t<\/div>\n\t\t<\/div>\n\t\t\t\t<div class=\"elementor-column elementor-col-66 elementor-top-column elementor-element elementor-element-d90fbdb\" data-id=\"d90fbdb\" data-element_type=\"column\" data-e-type=\"column\">\n\t\t\t<div class=\"elementor-widget-wrap elementor-element-populated\">\n\t\t\t\t\t\t<div class=\"elementor-element elementor-element-39a16a9 elementor-widget elementor-widget-text-editor\" data-id=\"39a16a9\" data-element_type=\"widget\" data-e-type=\"widget\" data-widget_type=\"text-editor.default\">\n\t\t\t\t<div class=\"elementor-widget-container\">\n\t\t\t\t\t\t\t\t\t<p style=\"text-align: center;\"><a href=\"https:\/\/lejardindumarche.com\">Retour \u00e0 l&rsquo;accueil<\/a><\/p>\t\t\t\t\t\t\t\t<\/div>\n\t\t\t\t<\/div>\n\t\t\t\t\t<\/div>\n\t\t<\/div>\n\t\t\t\t\t<\/div>\n\t\t<\/section>\n\t\t\t\t<\/div>\n\t\t<\/div>\n\t\t\t\t\t\t<\/div>\n\t\t\t\t<\/div>\n\t\t\t\t\t<\/div>\n\t\t<\/div>\n\t\t\t\t\t<\/div>\n\t\t<\/section>\n\t\t\t\t<section class=\"elementor-section elementor-top-section elementor-element elementor-element-2c18f11 elementor-section-boxed elementor-section-height-default elementor-section-height-default\" data-id=\"2c18f11\" data-element_type=\"section\" data-e-type=\"section\">\n\t\t\t\t\t\t<div class=\"elementor-container elementor-column-gap-default\">\n\t\t\t\t\t<div class=\"elementor-column elementor-col-100 elementor-top-column elementor-element elementor-element-ceb11da\" data-id=\"ceb11da\" data-element_type=\"column\" data-e-type=\"column\">\n\t\t\t<div class=\"elementor-widget-wrap elementor-element-populated\">\n\t\t\t\t\t\t<div class=\"elementor-element elementor-element-159c546 elementor-widget elementor-widget-spacer\" data-id=\"159c546\" data-element_type=\"widget\" data-e-type=\"widget\" data-widget_type=\"spacer.default\">\n\t\t\t\t<div class=\"elementor-widget-container\">\n\t\t\t\t\t\t\t<div class=\"elementor-spacer\">\n\t\t\t<div class=\"elementor-spacer-inner\"><\/div>\n\t\t<\/div>\n\t\t\t\t\t\t<\/div>\n\t\t\t\t<\/div>\n\t\t\t\t\t<\/div>\n\t\t<\/div>\n\t\t\t\t\t<\/div>\n\t\t<\/section>\n\t\t\t\t<section class=\"elementor-section elementor-top-section elementor-element elementor-element-110dd41 elementor-section-boxed elementor-section-height-default elementor-section-height-default\" data-id=\"110dd41\" data-element_type=\"section\" data-e-type=\"section\">\n\t\t\t\t\t\t<div class=\"elementor-container elementor-column-gap-default\">\n\t\t\t\t\t<div class=\"elementor-column elementor-col-100 elementor-top-column elementor-element elementor-element-91a0167\" data-id=\"91a0167\" data-element_type=\"column\" data-e-type=\"column\">\n\t\t\t<div class=\"elementor-widget-wrap elementor-element-populated\">\n\t\t\t\t\t\t<div class=\"elementor-element elementor-element-d1943b0 elementor-widget elementor-widget-heading\" data-id=\"d1943b0\" data-element_type=\"widget\" data-e-type=\"widget\" data-widget_type=\"heading.default\">\n\t\t\t\t<div class=\"elementor-widget-container\">\n\t\t\t\t\t<h1 class=\"elementor-heading-title elementor-size-default\">Go\u00fbter<\/h1>\t\t\t\t<\/div>\n\t\t\t\t<\/div>\n\t\t\t\t\t<\/div>\n\t\t<\/div>\n\t\t\t\t\t<\/div>\n\t\t<\/section>\n\t\t\t\t<section class=\"elementor-section elementor-top-section elementor-element elementor-element-403a429 elementor-section-boxed elementor-section-height-default elementor-section-height-default\" data-id=\"403a429\" data-element_type=\"section\" data-e-type=\"section\">\n\t\t\t\t\t\t<div class=\"elementor-container elementor-column-gap-default\">\n\t\t\t\t\t<div class=\"elementor-column elementor-col-100 elementor-top-column elementor-element elementor-element-ebd3e12\" data-id=\"ebd3e12\" data-element_type=\"column\" data-e-type=\"column\">\n\t\t\t<div class=\"elementor-widget-wrap elementor-element-populated\">\n\t\t\t\t\t\t<div class=\"elementor-element elementor-element-3ac5932 elementor-widget elementor-widget-spacer\" data-id=\"3ac5932\" data-element_type=\"widget\" data-e-type=\"widget\" data-widget_type=\"spacer.default\">\n\t\t\t\t<div class=\"elementor-widget-container\">\n\t\t\t\t\t\t\t<div class=\"elementor-spacer\">\n\t\t\t<div class=\"elementor-spacer-inner\"><\/div>\n\t\t<\/div>\n\t\t\t\t\t\t<\/div>\n\t\t\t\t<\/div>\n\t\t\t\t\t<\/div>\n\t\t<\/div>\n\t\t\t\t\t<\/div>\n\t\t<\/section>\n\t\t\t\t<section class=\"elementor-section elementor-top-section elementor-element elementor-element-8ba5e2c elementor-section-full_width elementor-section-height-default elementor-section-height-default\" data-id=\"8ba5e2c\" data-element_type=\"section\" data-e-type=\"section\">\n\t\t\t\t\t\t<div class=\"elementor-container elementor-column-gap-default\">\n\t\t\t\t\t<div class=\"elementor-column elementor-col-100 elementor-top-column elementor-element elementor-element-745c38b\" data-id=\"745c38b\" data-element_type=\"column\" data-e-type=\"column\">\n\t\t\t<div class=\"elementor-widget-wrap elementor-element-populated\">\n\t\t\t\t\t\t<div class=\"elementor-element elementor-element-c10d8f6 elementor-widget elementor-widget-image\" data-id=\"c10d8f6\" data-element_type=\"widget\" data-e-type=\"widget\" data-widget_type=\"image.default\">\n\t\t\t\t<div class=\"elementor-widget-container\">\n\t\t\t\t\t\t\t\t\t\t\t\t\t\t\t\t<a href=\"https:\/\/lejardindumarche.com\/wp-content\/uploads\/2025\/04\/Le-Jardin-du-Marche-Gouter-Printempete-2025.pdf\" data-elementor-open-lightbox=\"yes\" data-elementor-lightbox-title=\"Le Jardin du March\u00e9 - Go\u00fbter Printemp:\u00e9t\u00e9 2025\" data-e-action-hash=\"#elementor-action%3Aaction%3Dlightbox%26settings%3DeyJpZCI6MjU5NSwidXJsIjoiaHR0cHM6XC9cL2xlamFyZGluZHVtYXJjaGUuY29tXC93cC1jb250ZW50XC91cGxvYWRzXC8yMDI1XC8wNFwvTGUtSmFyZGluLWR1LU1hcmNoZS1Hb3V0ZXItUHJpbnRlbXBldGUtMjAyNS5wZGYifQ%3D%3D\">\n\t\t\t\t\t\t\t<img decoding=\"async\" src=\"https:\/\/lejardindumarche.com\/wp-content\/uploads\/2025\/04\/Le-Jardin-du-Marche-Gouter-Printempete-2025.pdf\" title=\"\" alt=\"\" loading=\"lazy\" \/>\t\t\t\t\t\t\t\t<\/a>\n\t\t\t\t\t\t\t\t\t\t\t\t\t\t\t<\/div>\n\t\t\t\t<\/div>\n\t\t\t\t\t<\/div>\n\t\t<\/div>\n\t\t\t\t\t<\/div>\n\t\t<\/section>\n\t\t\t\t<section class=\"elementor-section elementor-top-section elementor-element elementor-element-01744bf elementor-section-boxed elementor-section-height-default elementor-section-height-default\" data-id=\"01744bf\" data-element_type=\"section\" data-e-type=\"section\">\n\t\t\t\t\t\t<div class=\"elementor-container elementor-column-gap-default\">\n\t\t\t\t\t<div class=\"elementor-column elementor-col-100 elementor-top-column elementor-element elementor-element-d61d86c\" data-id=\"d61d86c\" data-element_type=\"column\" data-e-type=\"column\">\n\t\t\t<div class=\"elementor-widget-wrap elementor-element-populated\">\n\t\t\t\t\t\t<div class=\"elementor-element elementor-element-a7e9003 elementor-widget elementor-widget-spacer\" data-id=\"a7e9003\" data-element_type=\"widget\" data-e-type=\"widget\" data-widget_type=\"spacer.default\">\n\t\t\t\t<div class=\"elementor-widget-container\">\n\t\t\t\t\t\t\t<div class=\"elementor-spacer\">\n\t\t\t<div class=\"elementor-spacer-inner\"><\/div>\n\t\t<\/div>\n\t\t\t\t\t\t<\/div>\n\t\t\t\t<\/div>\n\t\t\t\t\t<\/div>\n\t\t<\/div>\n\t\t\t\t\t<\/div>\n\t\t<\/section>\n\t\t\t\t<\/div>\n\t\t","protected":false},"excerpt":{"rendered":"<p>Go\u00fbter<\/p>\n","protected":false},"author":1,"featured_media":0,"parent":0,"menu_order":0,"comment_status":"closed","ping_status":"closed","template":"","meta":{"site-sidebar-layout":"no-sidebar","site-content-layout":null,"ast-site-content-layout":"full-width-container","site-content-style":"unboxed","site-sidebar-style":"unboxed","ast-global-header-display":"","ast-banner-title-visibility":"","ast-main-header-display":"disabled","ast-hfb-above-header-display":null,"ast-hfb-below-header-display":null,"ast-hfb-mobile-header-display":null,"site-post-title":"disabled","ast-breadcrumbs-content":null,"ast-featured-img":"disabled","footer-sml-layout":"","ast-disable-related-posts":"","theme-transparent-header-meta":"default","adv-header-id-meta":null,"stick-header-meta":null,"header-above-stick-meta":null,"header-main-stick-meta":null,"header-below-stick-meta":null,"astra-migrate-meta-layouts":"default","ast-page-background-enabled":"default","ast-page-background-meta":{"desktop":{"background-color":"","background-image":"","background-repeat":"repeat","background-position":"center center","background-size":"auto","background-attachment":"scroll","background-type":"","background-media":"","overlay-type":"","overlay-color":"","overlay-opacity":"","overlay-gradient":""},"tablet":{"background-color":"","background-image":"","background-repeat":"repeat","background-position":"center center","background-size":"auto","background-attachment":"scroll","background-type":"","background-media":"","overlay-type":"","overlay-color":"","overlay-opacity":"","overlay-gradient":""},"mobile":{"background-color":"","background-image":"","background-repeat":"repeat","background-position":"center center","background-size":"auto","background-attachment":"scroll","background-type":"","background-media":"","overlay-type":"","overlay-color":"","overlay-opacity":"","overlay-gradient":""}},"ast-content-background-meta":{"desktop":{"background-color":"var(--ast-global-color-5)","background-image":"","background-repeat":"repeat","background-position":"center center","background-size":"auto","background-attachment":"scroll","background-type":"","background-media":"","overlay-type":"","overlay-color":"","overlay-opacity":"","overlay-gradient":""},"tablet":{"background-color":"var(--ast-global-color-5)","background-image":"","background-repeat":"repeat","background-position":"center center","background-size":"auto","background-attachment":"scroll","background-type":"","background-media":"","overlay-type":"","overlay-color":"","overlay-opacity":"","overlay-gradient":""},"mobile":{"background-color":"var(--ast-global-color-5)","background-image":"","background-repeat":"repeat","background-position":"center center","background-size":"auto","background-attachment":"scroll","background-type":"","background-media":"","overlay-type":"","overlay-color":"","overlay-opacity":"","overlay-gradient":""}},"footnotes":""},"class_list":["post-1313","page","type-page","status-publish","hentry"],"yoast_head":"<!-- This site is optimized with the Yoast SEO plugin v27.4 - https:\/\/yoast.com\/product\/yoast-seo-wordpress\/ -->\n<title>Carte Go\u00fbter - Le Jardin du March\u00e9 La Rochelle<\/title>\n<meta name=\"description\" content=\"D\u00e9couvrez notre carte pour un go\u00fbter savoureux dans notre restaurant La Jardin du March\u00e9 \u00e0 La Rochelle\" \/>\n<meta name=\"robots\" content=\"index, follow, max-snippet:-1, max-image-preview:large, max-video-preview:-1\" \/>\n<link rel=\"canonical\" href=\"https:\/\/lejardindumarche.com\/index.php\/carte-gouter-jardin-du-marche\/\" \/>\n<meta property=\"og:locale\" content=\"fr_FR\" \/>\n<meta property=\"og:type\" content=\"article\" \/>\n<meta property=\"og:title\" content=\"Carte Go\u00fbter - Le Jardin du March\u00e9 La Rochelle\" \/>\n<meta property=\"og:description\" content=\"D\u00e9couvrez notre carte pour un go\u00fbter savoureux dans notre restaurant La Jardin du March\u00e9 \u00e0 La Rochelle\" \/>\n<meta property=\"og:url\" content=\"https:\/\/lejardindumarche.com\/index.php\/carte-gouter-jardin-du-marche\/\" \/>\n<meta property=\"og:site_name\" content=\"Le Jardin du March\u00e9\" \/>\n<meta property=\"article:modified_time\" content=\"2025-04-14T07:10:54+00:00\" \/>\n<meta property=\"og:image\" content=\"https:\/\/lejardindumarche.com\/wp-content\/uploads\/2025\/04\/Le-Jardin-du-Marche-Gouter-Printempete-2025.pdf\" \/>\n<meta name=\"twitter:card\" content=\"summary_large_image\" \/>\n<meta name=\"twitter:label1\" content=\"Dur\u00e9e de lecture estim\u00e9e\" \/>\n\t<meta name=\"twitter:data1\" content=\"1 minute\" \/>\n<script type=\"application\/ld+json\" class=\"yoast-schema-graph\">{\"@context\":\"https:\\\/\\\/schema.org\",\"@graph\":[{\"@type\":\"WebPage\",\"@id\":\"https:\\\/\\\/lejardindumarche.com\\\/index.php\\\/carte-gouter-jardin-du-marche\\\/\",\"url\":\"https:\\\/\\\/lejardindumarche.com\\\/index.php\\\/carte-gouter-jardin-du-marche\\\/\",\"name\":\"Carte Go\u00fbter - Le Jardin du March\u00e9 La Rochelle\",\"isPartOf\":{\"@id\":\"https:\\\/\\\/lejardindumarche.com\\\/#website\"},\"primaryImageOfPage\":{\"@id\":\"https:\\\/\\\/lejardindumarche.com\\\/index.php\\\/carte-gouter-jardin-du-marche\\\/#primaryimage\"},\"image\":{\"@id\":\"https:\\\/\\\/lejardindumarche.com\\\/index.php\\\/carte-gouter-jardin-du-marche\\\/#primaryimage\"},\"thumbnailUrl\":\"https:\\\/\\\/lejardindumarche.com\\\/wp-content\\\/uploads\\\/2025\\\/04\\\/Le-Jardin-du-Marche-Gouter-Printempete-2025.pdf\",\"datePublished\":\"2021-05-10T08:14:04+00:00\",\"dateModified\":\"2025-04-14T07:10:54+00:00\",\"description\":\"D\u00e9couvrez notre carte pour un go\u00fbter savoureux dans notre restaurant La Jardin du March\u00e9 \u00e0 La Rochelle\",\"breadcrumb\":{\"@id\":\"https:\\\/\\\/lejardindumarche.com\\\/index.php\\\/carte-gouter-jardin-du-marche\\\/#breadcrumb\"},\"inLanguage\":\"fr-FR\",\"potentialAction\":[{\"@type\":\"ReadAction\",\"target\":[\"https:\\\/\\\/lejardindumarche.com\\\/index.php\\\/carte-gouter-jardin-du-marche\\\/\"]}]},{\"@type\":\"ImageObject\",\"inLanguage\":\"fr-FR\",\"@id\":\"https:\\\/\\\/lejardindumarche.com\\\/index.php\\\/carte-gouter-jardin-du-marche\\\/#primaryimage\",\"url\":\"https:\\\/\\\/lejardindumarche.com\\\/wp-content\\\/uploads\\\/2025\\\/04\\\/Le-Jardin-du-Marche-Gouter-Printempete-2025.pdf\",\"contentUrl\":\"https:\\\/\\\/lejardindumarche.com\\\/wp-content\\\/uploads\\\/2025\\\/04\\\/Le-Jardin-du-Marche-Gouter-Printempete-2025.pdf\"},{\"@type\":\"BreadcrumbList\",\"@id\":\"https:\\\/\\\/lejardindumarche.com\\\/index.php\\\/carte-gouter-jardin-du-marche\\\/#breadcrumb\",\"itemListElement\":[{\"@type\":\"ListItem\",\"position\":1,\"name\":\"Accueil\",\"item\":\"https:\\\/\\\/lejardindumarche.com\\\/\"},{\"@type\":\"ListItem\",\"position\":2,\"name\":\"Go\u00fbter\"}]},{\"@type\":\"WebSite\",\"@id\":\"https:\\\/\\\/lejardindumarche.com\\\/#website\",\"url\":\"https:\\\/\\\/lejardindumarche.com\\\/\",\"name\":\"Le Jardin du March\u00e9\",\"description\":\"Petit lieu gourmand et \u00e9thique\",\"publisher\":{\"@id\":\"https:\\\/\\\/lejardindumarche.com\\\/#organization\"},\"potentialAction\":[{\"@type\":\"SearchAction\",\"target\":{\"@type\":\"EntryPoint\",\"urlTemplate\":\"https:\\\/\\\/lejardindumarche.com\\\/?s={search_term_string}\"},\"query-input\":{\"@type\":\"PropertyValueSpecification\",\"valueRequired\":true,\"valueName\":\"search_term_string\"}}],\"inLanguage\":\"fr-FR\"},{\"@type\":\"Organization\",\"@id\":\"https:\\\/\\\/lejardindumarche.com\\\/#organization\",\"name\":\"Le Jardin du March\u00e9\",\"url\":\"https:\\\/\\\/lejardindumarche.com\\\/\",\"logo\":{\"@type\":\"ImageObject\",\"inLanguage\":\"fr-FR\",\"@id\":\"https:\\\/\\\/lejardindumarche.com\\\/#\\\/schema\\\/logo\\\/image\\\/\",\"url\":\"https:\\\/\\\/i0.wp.com\\\/lejardindumarche.com\\\/wp-content\\\/uploads\\\/2021\\\/03\\\/cropped-logo-longueur-vecto-petit.jpg?fit=500%2C181&ssl=1\",\"contentUrl\":\"https:\\\/\\\/i0.wp.com\\\/lejardindumarche.com\\\/wp-content\\\/uploads\\\/2021\\\/03\\\/cropped-logo-longueur-vecto-petit.jpg?fit=500%2C181&ssl=1\",\"width\":500,\"height\":181,\"caption\":\"Le Jardin du March\u00e9\"},\"image\":{\"@id\":\"https:\\\/\\\/lejardindumarche.com\\\/#\\\/schema\\\/logo\\\/image\\\/\"}}]}<\/script>\n<!-- \/ Yoast SEO plugin. -->","yoast_head_json":{"title":"Carte Go\u00fbter - Le Jardin du March\u00e9 La Rochelle","description":"D\u00e9couvrez notre carte pour un go\u00fbter savoureux dans notre restaurant La Jardin du March\u00e9 \u00e0 La Rochelle","robots":{"index":"index","follow":"follow","max-snippet":"max-snippet:-1","max-image-preview":"max-image-preview:large","max-video-preview":"max-video-preview:-1"},"canonical":"https:\/\/lejardindumarche.com\/index.php\/carte-gouter-jardin-du-marche\/","og_locale":"fr_FR","og_type":"article","og_title":"Carte Go\u00fbter - Le Jardin du March\u00e9 La Rochelle","og_description":"D\u00e9couvrez notre carte pour un go\u00fbter savoureux dans notre restaurant La Jardin du March\u00e9 \u00e0 La Rochelle","og_url":"https:\/\/lejardindumarche.com\/index.php\/carte-gouter-jardin-du-marche\/","og_site_name":"Le Jardin du March\u00e9","article_modified_time":"2025-04-14T07:10:54+00:00","og_image":[{"url":"https:\/\/lejardindumarche.com\/wp-content\/uploads\/2025\/04\/Le-Jardin-du-Marche-Gouter-Printempete-2025.pdf","type":"","width":"","height":""}],"twitter_card":"summary_large_image","twitter_misc":{"Dur\u00e9e de lecture estim\u00e9e":"1 minute"},"schema":{"@context":"https:\/\/schema.org","@graph":[{"@type":"WebPage","@id":"https:\/\/lejardindumarche.com\/index.php\/carte-gouter-jardin-du-marche\/","url":"https:\/\/lejardindumarche.com\/index.php\/carte-gouter-jardin-du-marche\/","name":"Carte Go\u00fbter - Le Jardin du March\u00e9 La Rochelle","isPartOf":{"@id":"https:\/\/lejardindumarche.com\/#website"},"primaryImageOfPage":{"@id":"https:\/\/lejardindumarche.com\/index.php\/carte-gouter-jardin-du-marche\/#primaryimage"},"image":{"@id":"https:\/\/lejardindumarche.com\/index.php\/carte-gouter-jardin-du-marche\/#primaryimage"},"thumbnailUrl":"https:\/\/lejardindumarche.com\/wp-content\/uploads\/2025\/04\/Le-Jardin-du-Marche-Gouter-Printempete-2025.pdf","datePublished":"2021-05-10T08:14:04+00:00","dateModified":"2025-04-14T07:10:54+00:00","description":"D\u00e9couvrez notre carte pour un go\u00fbter savoureux dans notre restaurant La Jardin du March\u00e9 \u00e0 La Rochelle","breadcrumb":{"@id":"https:\/\/lejardindumarche.com\/index.php\/carte-gouter-jardin-du-marche\/#breadcrumb"},"inLanguage":"fr-FR","potentialAction":[{"@type":"ReadAction","target":["https:\/\/lejardindumarche.com\/index.php\/carte-gouter-jardin-du-marche\/"]}]},{"@type":"ImageObject","inLanguage":"fr-FR","@id":"https:\/\/lejardindumarche.com\/index.php\/carte-gouter-jardin-du-marche\/#primaryimage","url":"https:\/\/lejardindumarche.com\/wp-content\/uploads\/2025\/04\/Le-Jardin-du-Marche-Gouter-Printempete-2025.pdf","contentUrl":"https:\/\/lejardindumarche.com\/wp-content\/uploads\/2025\/04\/Le-Jardin-du-Marche-Gouter-Printempete-2025.pdf"},{"@type":"BreadcrumbList","@id":"https:\/\/lejardindumarche.com\/index.php\/carte-gouter-jardin-du-marche\/#breadcrumb","itemListElement":[{"@type":"ListItem","position":1,"name":"Accueil","item":"https:\/\/lejardindumarche.com\/"},{"@type":"ListItem","position":2,"name":"Go\u00fbter"}]},{"@type":"WebSite","@id":"https:\/\/lejardindumarche.com\/#website","url":"https:\/\/lejardindumarche.com\/","name":"Le Jardin du March\u00e9","description":"Petit lieu gourmand et \u00e9thique","publisher":{"@id":"https:\/\/lejardindumarche.com\/#organization"},"potentialAction":[{"@type":"SearchAction","target":{"@type":"EntryPoint","urlTemplate":"https:\/\/lejardindumarche.com\/?s={search_term_string}"},"query-input":{"@type":"PropertyValueSpecification","valueRequired":true,"valueName":"search_term_string"}}],"inLanguage":"fr-FR"},{"@type":"Organization","@id":"https:\/\/lejardindumarche.com\/#organization","name":"Le Jardin du March\u00e9","url":"https:\/\/lejardindumarche.com\/","logo":{"@type":"ImageObject","inLanguage":"fr-FR","@id":"https:\/\/lejardindumarche.com\/#\/schema\/logo\/image\/","url":"https:\/\/i0.wp.com\/lejardindumarche.com\/wp-content\/uploads\/2021\/03\/cropped-logo-longueur-vecto-petit.jpg?fit=500%2C181&ssl=1","contentUrl":"https:\/\/i0.wp.com\/lejardindumarche.com\/wp-content\/uploads\/2021\/03\/cropped-logo-longueur-vecto-petit.jpg?fit=500%2C181&ssl=1","width":500,"height":181,"caption":"Le Jardin du March\u00e9"},"image":{"@id":"https:\/\/lejardindumarche.com\/#\/schema\/logo\/image\/"}}]}},"jetpack_sharing_enabled":true,"_links":{"self":[{"href":"https:\/\/lejardindumarche.com\/index.php\/wp-json\/wp\/v2\/pages\/1313","targetHints":{"allow":["GET"]}}],"collection":[{"href":"https:\/\/lejardindumarche.com\/index.php\/wp-json\/wp\/v2\/pages"}],"about":[{"href":"https:\/\/lejardindumarche.com\/index.php\/wp-json\/wp\/v2\/types\/page"}],"author":[{"embeddable":true,"href":"https:\/\/lejardindumarche.com\/index.php\/wp-json\/wp\/v2\/users\/1"}],"replies":[{"embeddable":true,"href":"https:\/\/lejardindumarche.com\/index.php\/wp-json\/wp\/v2\/comments?post=1313"}],"version-history":[{"count":33,"href":"https:\/\/lejardindumarche.com\/index.php\/wp-json\/wp\/v2\/pages\/1313\/revisions"}],"predecessor-version":[{"id":2598,"href":"https:\/\/lejardindumarche.com\/index.php\/wp-json\/wp\/v2\/pages\/1313\/revisions\/2598"}],"wp:attachment":[{"href":"https:\/\/lejardindumarche.com\/index.php\/wp-json\/wp\/v2\/media?parent=1313"}],"curies":[{"name":"wp","href":"https:\/\/api.w.org\/{rel}","templated":true}]}}