{"id":1306,"date":"2021-05-10T10:10:51","date_gmt":"2021-05-10T08:10:51","guid":{"rendered":"http:\/\/lejardindumarche.com\/?page_id=1306"},"modified":"2025-08-05T10:37:03","modified_gmt":"2025-08-05T08:37:03","slug":"carte-dejeuner-jardin-du-marche-la-rochelle","status":"publish","type":"page","link":"https:\/\/lejardindumarche.com\/index.php\/carte-dejeuner-jardin-du-marche-la-rochelle\/","title":{"rendered":"D\u00e9jeuner"},"content":{"rendered":"\t\t<div data-elementor-type=\"wp-page\" data-elementor-id=\"1306\" class=\"elementor elementor-1306\">\n\t\t\t\t\t\t<section class=\"elementor-section elementor-top-section elementor-element elementor-element-a1b4bd3 elementor-section-full_width elementor-section-height-default elementor-section-height-default\" data-id=\"a1b4bd3\" data-element_type=\"section\" data-e-type=\"section\">\n\t\t\t\t\t\t<div class=\"elementor-container elementor-column-gap-default\">\n\t\t\t\t\t<div class=\"elementor-column elementor-col-100 elementor-top-column elementor-element elementor-element-d3ea753\" data-id=\"d3ea753\" data-element_type=\"column\" data-e-type=\"column\">\n\t\t\t<div class=\"elementor-widget-wrap elementor-element-populated\">\n\t\t\t\t\t\t<div class=\"elementor-element elementor-element-09f617f elementor-widget elementor-widget-shortcode\" data-id=\"09f617f\" data-element_type=\"widget\" data-e-type=\"widget\" data-widget_type=\"shortcode.default\">\n\t\t\t\t<div class=\"elementor-widget-container\">\n\t\t\t\t\t\t\t<div class=\"elementor-shortcode\">\t\t<div data-elementor-type=\"wp-post\" data-elementor-id=\"1332\" class=\"elementor elementor-1332\">\n\t\t\t\t\t\t<section class=\"elementor-section elementor-top-section elementor-element elementor-element-9d71f2e elementor-section-full_width elementor-section-height-default elementor-section-height-default\" data-id=\"9d71f2e\" data-element_type=\"section\" data-e-type=\"section\">\n\t\t\t\t\t\t<div class=\"elementor-container elementor-column-gap-default\">\n\t\t\t\t\t<div class=\"elementor-column elementor-col-33 elementor-top-column elementor-element elementor-element-2185ff8\" data-id=\"2185ff8\" data-element_type=\"column\" data-e-type=\"column\">\n\t\t\t<div class=\"elementor-widget-wrap elementor-element-populated\">\n\t\t\t\t\t\t<div class=\"elementor-element elementor-element-f7a9e0b elementor-widget elementor-widget-image\" data-id=\"f7a9e0b\" data-element_type=\"widget\" data-e-type=\"widget\" data-widget_type=\"image.default\">\n\t\t\t\t<div class=\"elementor-widget-container\">\n\t\t\t\t\t\t\t\t\t\t\t\t\t\t\t<img decoding=\"async\" width=\"300\" height=\"109\" src=\"https:\/\/i0.wp.com\/lejardindumarche.com\/wp-content\/uploads\/2021\/03\/cropped-logo-OK-en-longueur-vecto.png?fit=300%2C109&amp;ssl=1\" class=\"attachment-medium size-medium wp-image-570\" alt=\"\" srcset=\"https:\/\/i0.wp.com\/lejardindumarche.com\/wp-content\/uploads\/2021\/03\/cropped-logo-OK-en-longueur-vecto.png?w=1051&amp;ssl=1 1051w, https:\/\/i0.wp.com\/lejardindumarche.com\/wp-content\/uploads\/2021\/03\/cropped-logo-OK-en-longueur-vecto.png?resize=300%2C109&amp;ssl=1 300w, https:\/\/i0.wp.com\/lejardindumarche.com\/wp-content\/uploads\/2021\/03\/cropped-logo-OK-en-longueur-vecto.png?resize=1024%2C371&amp;ssl=1 1024w, https:\/\/i0.wp.com\/lejardindumarche.com\/wp-content\/uploads\/2021\/03\/cropped-logo-OK-en-longueur-vecto.png?resize=768%2C278&amp;ssl=1 768w\" sizes=\"(max-width: 300px) 100vw, 300px\" \/>\t\t\t\t\t\t\t\t\t\t\t\t\t\t\t<\/div>\n\t\t\t\t<\/div>\n\t\t\t\t\t<\/div>\n\t\t<\/div>\n\t\t\t\t<div class=\"elementor-column elementor-col-66 elementor-top-column elementor-element elementor-element-d90fbdb\" data-id=\"d90fbdb\" data-element_type=\"column\" data-e-type=\"column\">\n\t\t\t<div class=\"elementor-widget-wrap elementor-element-populated\">\n\t\t\t\t\t\t<div class=\"elementor-element elementor-element-39a16a9 elementor-widget elementor-widget-text-editor\" data-id=\"39a16a9\" data-element_type=\"widget\" data-e-type=\"widget\" data-widget_type=\"text-editor.default\">\n\t\t\t\t<div class=\"elementor-widget-container\">\n\t\t\t\t\t\t\t\t\t<p style=\"text-align: center;\"><a href=\"https:\/\/lejardindumarche.com\">Retour \u00e0 l&rsquo;accueil<\/a><\/p>\t\t\t\t\t\t\t\t<\/div>\n\t\t\t\t<\/div>\n\t\t\t\t\t<\/div>\n\t\t<\/div>\n\t\t\t\t\t<\/div>\n\t\t<\/section>\n\t\t\t\t<\/div>\n\t\t<\/div>\n\t\t\t\t\t\t<\/div>\n\t\t\t\t<\/div>\n\t\t\t\t\t<\/div>\n\t\t<\/div>\n\t\t\t\t\t<\/div>\n\t\t<\/section>\n\t\t\t\t<section class=\"elementor-section elementor-top-section elementor-element elementor-element-513908e elementor-section-boxed elementor-section-height-default elementor-section-height-default\" data-id=\"513908e\" data-element_type=\"section\" data-e-type=\"section\">\n\t\t\t\t\t\t<div class=\"elementor-container elementor-column-gap-default\">\n\t\t\t\t\t<div class=\"elementor-column elementor-col-100 elementor-top-column elementor-element elementor-element-848aae3\" data-id=\"848aae3\" data-element_type=\"column\" data-e-type=\"column\">\n\t\t\t<div class=\"elementor-widget-wrap elementor-element-populated\">\n\t\t\t\t\t\t<div class=\"elementor-element elementor-element-ad2e51d elementor-widget elementor-widget-spacer\" data-id=\"ad2e51d\" data-element_type=\"widget\" data-e-type=\"widget\" data-widget_type=\"spacer.default\">\n\t\t\t\t<div class=\"elementor-widget-container\">\n\t\t\t\t\t\t\t<div class=\"elementor-spacer\">\n\t\t\t<div class=\"elementor-spacer-inner\"><\/div>\n\t\t<\/div>\n\t\t\t\t\t\t<\/div>\n\t\t\t\t<\/div>\n\t\t\t\t\t<\/div>\n\t\t<\/div>\n\t\t\t\t\t<\/div>\n\t\t<\/section>\n\t\t\t\t<section class=\"elementor-section elementor-top-section elementor-element elementor-element-a90fc78 elementor-section-boxed elementor-section-height-default elementor-section-height-default\" data-id=\"a90fc78\" data-element_type=\"section\" data-e-type=\"section\">\n\t\t\t\t\t\t<div class=\"elementor-container elementor-column-gap-default\">\n\t\t\t\t\t<div class=\"elementor-column elementor-col-100 elementor-top-column elementor-element elementor-element-850dea7\" data-id=\"850dea7\" data-element_type=\"column\" data-e-type=\"column\">\n\t\t\t<div class=\"elementor-widget-wrap elementor-element-populated\">\n\t\t\t\t\t\t<div class=\"elementor-element elementor-element-db22048 elementor-widget elementor-widget-heading\" data-id=\"db22048\" data-element_type=\"widget\" data-e-type=\"widget\" data-widget_type=\"heading.default\">\n\t\t\t\t<div class=\"elementor-widget-container\">\n\t\t\t\t\t<h1 class=\"elementor-heading-title elementor-size-default\">D\u00e9jeuner<\/h1>\t\t\t\t<\/div>\n\t\t\t\t<\/div>\n\t\t\t\t\t<\/div>\n\t\t<\/div>\n\t\t\t\t\t<\/div>\n\t\t<\/section>\n\t\t\t\t<section class=\"elementor-section elementor-top-section elementor-element elementor-element-a53993c elementor-section-boxed elementor-section-height-default elementor-section-height-default\" data-id=\"a53993c\" data-element_type=\"section\" data-e-type=\"section\">\n\t\t\t\t\t\t<div class=\"elementor-container elementor-column-gap-default\">\n\t\t\t\t\t<div class=\"elementor-column elementor-col-100 elementor-top-column elementor-element elementor-element-728e79b\" data-id=\"728e79b\" data-element_type=\"column\" data-e-type=\"column\">\n\t\t\t<div class=\"elementor-widget-wrap elementor-element-populated\">\n\t\t\t\t\t\t<div class=\"elementor-element elementor-element-aba2b1d elementor-widget elementor-widget-spacer\" data-id=\"aba2b1d\" data-element_type=\"widget\" data-e-type=\"widget\" data-widget_type=\"spacer.default\">\n\t\t\t\t<div class=\"elementor-widget-container\">\n\t\t\t\t\t\t\t<div class=\"elementor-spacer\">\n\t\t\t<div class=\"elementor-spacer-inner\"><\/div>\n\t\t<\/div>\n\t\t\t\t\t\t<\/div>\n\t\t\t\t<\/div>\n\t\t\t\t\t<\/div>\n\t\t<\/div>\n\t\t\t\t\t<\/div>\n\t\t<\/section>\n\t\t\t\t<section class=\"elementor-section elementor-top-section elementor-element elementor-element-33f1dc0 elementor-section-boxed elementor-section-height-default elementor-section-height-default\" data-id=\"33f1dc0\" data-element_type=\"section\" data-e-type=\"section\">\n\t\t\t\t\t\t<div class=\"elementor-container elementor-column-gap-default\">\n\t\t\t\t\t<div class=\"elementor-column elementor-col-100 elementor-top-column elementor-element elementor-element-06eada9\" data-id=\"06eada9\" data-element_type=\"column\" data-e-type=\"column\">\n\t\t\t<div class=\"elementor-widget-wrap elementor-element-populated\">\n\t\t\t\t\t\t<div class=\"elementor-element elementor-element-f9b399d elementor-widget elementor-widget-image\" data-id=\"f9b399d\" data-element_type=\"widget\" data-e-type=\"widget\" data-widget_type=\"image.default\">\n\t\t\t\t<div class=\"elementor-widget-container\">\n\t\t\t\t\t\t\t\t\t\t\t\t\t\t\t<img decoding=\"async\" src=\"https:\/\/lejardindumarche.com\/wp-content\/uploads\/2025\/08\/Le-Jardin-du-Marche-dejeuner-juillet-aout-2025.pdf\" title=\"\" alt=\"\" loading=\"lazy\" \/>\t\t\t\t\t\t\t\t\t\t\t\t\t\t\t<\/div>\n\t\t\t\t<\/div>\n\t\t\t\t<div class=\"elementor-element elementor-element-8c83351 elementor-widget elementor-widget-image\" data-id=\"8c83351\" data-element_type=\"widget\" data-e-type=\"widget\" data-widget_type=\"image.default\">\n\t\t\t\t<div class=\"elementor-widget-container\">\n\t\t\t\t\t\t\t\t\t\t\t\t\t\t\t\t<a href=\"https:\/\/lejardindumarche.com\/wp-content\/uploads\/2024\/03\/Le-Jardin-du-Marche-dejeuner-avril-2024.pdf\" data-elementor-open-lightbox=\"yes\" data-elementor-lightbox-title=\"Le Jardin du March\u00e9 - d\u00e9jeuner avril 2024\" data-e-action-hash=\"#elementor-action%3Aaction%3Dlightbox%26settings%3DeyJpZCI6MjEzNSwidXJsIjoiaHR0cHM6XC9cL2xlamFyZGluZHVtYXJjaGUuY29tXC93cC1jb250ZW50XC91cGxvYWRzXC8yMDI0XC8wM1wvTGUtSmFyZGluLWR1LU1hcmNoZS1kZWpldW5lci1hdnJpbC0yMDI0LnBkZiJ9\">\n\t\t\t\t\t\t\t<img decoding=\"async\" src=\"https:\/\/lejardindumarche.com\/wp-content\/uploads\/2024\/03\/Le-Jardin-du-Marche-dejeuner-avril-2024.pdf\" title=\"\" alt=\"\" loading=\"lazy\" \/>\t\t\t\t\t\t\t\t<\/a>\n\t\t\t\t\t\t\t\t\t\t\t\t\t\t\t<\/div>\n\t\t\t\t<\/div>\n\t\t\t\t\t<\/div>\n\t\t<\/div>\n\t\t\t\t\t<\/div>\n\t\t<\/section>\n\t\t\t\t<\/div>\n\t\t","protected":false},"excerpt":{"rendered":"<p>D\u00e9jeuner<\/p>\n","protected":false},"author":1,"featured_media":0,"parent":0,"menu_order":0,"comment_status":"closed","ping_status":"closed","template":"","meta":{"site-sidebar-layout":"no-sidebar","site-content-layout":null,"ast-site-content-layout":"full-width-container","site-content-style":"unboxed","site-sidebar-style":"unboxed","ast-global-header-display":"","ast-banner-title-visibility":"","ast-main-header-display":"disabled","ast-hfb-above-header-display":null,"ast-hfb-below-header-display":null,"ast-hfb-mobile-header-display":null,"site-post-title":"disabled","ast-breadcrumbs-content":null,"ast-featured-img":"disabled","footer-sml-layout":"","ast-disable-related-posts":"","theme-transparent-header-meta":"default","adv-header-id-meta":null,"stick-header-meta":null,"header-above-stick-meta":null,"header-main-stick-meta":null,"header-below-stick-meta":null,"astra-migrate-meta-layouts":"default","ast-page-background-enabled":"default","ast-page-background-meta":{"desktop":{"background-color":"","background-image":"","background-repeat":"repeat","background-position":"center center","background-size":"auto","background-attachment":"scroll","background-type":"","background-media":"","overlay-type":"","overlay-color":"","overlay-opacity":"","overlay-gradient":""},"tablet":{"background-color":"","background-image":"","background-repeat":"repeat","background-position":"center center","background-size":"auto","background-attachment":"scroll","background-type":"","background-media":"","overlay-type":"","overlay-color":"","overlay-opacity":"","overlay-gradient":""},"mobile":{"background-color":"","background-image":"","background-repeat":"repeat","background-position":"center center","background-size":"auto","background-attachment":"scroll","background-type":"","background-media":"","overlay-type":"","overlay-color":"","overlay-opacity":"","overlay-gradient":""}},"ast-content-background-meta":{"desktop":{"background-color":"var(--ast-global-color-5)","background-image":"","background-repeat":"repeat","background-position":"center center","background-size":"auto","background-attachment":"scroll","background-type":"","background-media":"","overlay-type":"","overlay-color":"","overlay-opacity":"","overlay-gradient":""},"tablet":{"background-color":"var(--ast-global-color-5)","background-image":"","background-repeat":"repeat","background-position":"center center","background-size":"auto","background-attachment":"scroll","background-type":"","background-media":"","overlay-type":"","overlay-color":"","overlay-opacity":"","overlay-gradient":""},"mobile":{"background-color":"var(--ast-global-color-5)","background-image":"","background-repeat":"repeat","background-position":"center center","background-size":"auto","background-attachment":"scroll","background-type":"","background-media":"","overlay-type":"","overlay-color":"","overlay-opacity":"","overlay-gradient":""}},"footnotes":""},"class_list":["post-1306","page","type-page","status-publish","hentry"],"yoast_head":"<!-- This site is optimized with the Yoast SEO plugin v27.4 - https:\/\/yoast.com\/product\/yoast-seo-wordpress\/ -->\n<title>carte du d\u00e9jeuner D\u00e9jeuner - Le Jardin du March\u00e9<\/title>\n<meta name=\"description\" content=\"D\u00e9couvrez la carte du menu du d\u00e9jeuner du restaurant le Jardin du March\u00e9 \u00e0 La Rochelle\" \/>\n<meta name=\"robots\" content=\"index, follow, max-snippet:-1, max-image-preview:large, max-video-preview:-1\" \/>\n<link rel=\"canonical\" href=\"https:\/\/lejardindumarche.com\/index.php\/carte-dejeuner-jardin-du-marche-la-rochelle\/\" \/>\n<meta property=\"og:locale\" content=\"fr_FR\" \/>\n<meta property=\"og:type\" content=\"article\" \/>\n<meta property=\"og:title\" content=\"carte du d\u00e9jeuner D\u00e9jeuner - Le Jardin du March\u00e9\" \/>\n<meta property=\"og:description\" content=\"D\u00e9couvrez la carte du menu du d\u00e9jeuner du restaurant le Jardin du March\u00e9 \u00e0 La Rochelle\" \/>\n<meta property=\"og:url\" content=\"https:\/\/lejardindumarche.com\/index.php\/carte-dejeuner-jardin-du-marche-la-rochelle\/\" \/>\n<meta property=\"og:site_name\" content=\"Le Jardin du March\u00e9\" \/>\n<meta property=\"article:modified_time\" content=\"2025-08-05T08:37:03+00:00\" \/>\n<meta property=\"og:image\" content=\"https:\/\/lejardindumarche.com\/wp-content\/uploads\/2025\/08\/Le-Jardin-du-Marche-dejeuner-juillet-aout-2025.pdf\" \/>\n<meta name=\"twitter:card\" content=\"summary_large_image\" \/>\n<meta name=\"twitter:label1\" content=\"Dur\u00e9e de lecture estim\u00e9e\" \/>\n\t<meta name=\"twitter:data1\" content=\"1 minute\" \/>\n<script type=\"application\/ld+json\" class=\"yoast-schema-graph\">{\"@context\":\"https:\\\/\\\/schema.org\",\"@graph\":[{\"@type\":\"WebPage\",\"@id\":\"https:\\\/\\\/lejardindumarche.com\\\/index.php\\\/carte-dejeuner-jardin-du-marche-la-rochelle\\\/\",\"url\":\"https:\\\/\\\/lejardindumarche.com\\\/index.php\\\/carte-dejeuner-jardin-du-marche-la-rochelle\\\/\",\"name\":\"carte du d\u00e9jeuner D\u00e9jeuner - Le Jardin du March\u00e9\",\"isPartOf\":{\"@id\":\"https:\\\/\\\/lejardindumarche.com\\\/#website\"},\"primaryImageOfPage\":{\"@id\":\"https:\\\/\\\/lejardindumarche.com\\\/index.php\\\/carte-dejeuner-jardin-du-marche-la-rochelle\\\/#primaryimage\"},\"image\":{\"@id\":\"https:\\\/\\\/lejardindumarche.com\\\/index.php\\\/carte-dejeuner-jardin-du-marche-la-rochelle\\\/#primaryimage\"},\"thumbnailUrl\":\"https:\\\/\\\/lejardindumarche.com\\\/wp-content\\\/uploads\\\/2025\\\/08\\\/Le-Jardin-du-Marche-dejeuner-juillet-aout-2025.pdf\",\"datePublished\":\"2021-05-10T08:10:51+00:00\",\"dateModified\":\"2025-08-05T08:37:03+00:00\",\"description\":\"D\u00e9couvrez la carte du menu du d\u00e9jeuner du restaurant le Jardin du March\u00e9 \u00e0 La Rochelle\",\"breadcrumb\":{\"@id\":\"https:\\\/\\\/lejardindumarche.com\\\/index.php\\\/carte-dejeuner-jardin-du-marche-la-rochelle\\\/#breadcrumb\"},\"inLanguage\":\"fr-FR\",\"potentialAction\":[{\"@type\":\"ReadAction\",\"target\":[\"https:\\\/\\\/lejardindumarche.com\\\/index.php\\\/carte-dejeuner-jardin-du-marche-la-rochelle\\\/\"]}]},{\"@type\":\"ImageObject\",\"inLanguage\":\"fr-FR\",\"@id\":\"https:\\\/\\\/lejardindumarche.com\\\/index.php\\\/carte-dejeuner-jardin-du-marche-la-rochelle\\\/#primaryimage\",\"url\":\"https:\\\/\\\/lejardindumarche.com\\\/wp-content\\\/uploads\\\/2025\\\/08\\\/Le-Jardin-du-Marche-dejeuner-juillet-aout-2025-pdf.jpg\",\"contentUrl\":\"https:\\\/\\\/lejardindumarche.com\\\/wp-content\\\/uploads\\\/2025\\\/08\\\/Le-Jardin-du-Marche-dejeuner-juillet-aout-2025-pdf.jpg\"},{\"@type\":\"BreadcrumbList\",\"@id\":\"https:\\\/\\\/lejardindumarche.com\\\/index.php\\\/carte-dejeuner-jardin-du-marche-la-rochelle\\\/#breadcrumb\",\"itemListElement\":[{\"@type\":\"ListItem\",\"position\":1,\"name\":\"Accueil\",\"item\":\"https:\\\/\\\/lejardindumarche.com\\\/\"},{\"@type\":\"ListItem\",\"position\":2,\"name\":\"D\u00e9jeuner\"}]},{\"@type\":\"WebSite\",\"@id\":\"https:\\\/\\\/lejardindumarche.com\\\/#website\",\"url\":\"https:\\\/\\\/lejardindumarche.com\\\/\",\"name\":\"Le Jardin du March\u00e9\",\"description\":\"Petit lieu gourmand et \u00e9thique\",\"publisher\":{\"@id\":\"https:\\\/\\\/lejardindumarche.com\\\/#organization\"},\"potentialAction\":[{\"@type\":\"SearchAction\",\"target\":{\"@type\":\"EntryPoint\",\"urlTemplate\":\"https:\\\/\\\/lejardindumarche.com\\\/?s={search_term_string}\"},\"query-input\":{\"@type\":\"PropertyValueSpecification\",\"valueRequired\":true,\"valueName\":\"search_term_string\"}}],\"inLanguage\":\"fr-FR\"},{\"@type\":\"Organization\",\"@id\":\"https:\\\/\\\/lejardindumarche.com\\\/#organization\",\"name\":\"Le Jardin du March\u00e9\",\"url\":\"https:\\\/\\\/lejardindumarche.com\\\/\",\"logo\":{\"@type\":\"ImageObject\",\"inLanguage\":\"fr-FR\",\"@id\":\"https:\\\/\\\/lejardindumarche.com\\\/#\\\/schema\\\/logo\\\/image\\\/\",\"url\":\"https:\\\/\\\/i0.wp.com\\\/lejardindumarche.com\\\/wp-content\\\/uploads\\\/2021\\\/03\\\/cropped-logo-longueur-vecto-petit.jpg?fit=500%2C181&ssl=1\",\"contentUrl\":\"https:\\\/\\\/i0.wp.com\\\/lejardindumarche.com\\\/wp-content\\\/uploads\\\/2021\\\/03\\\/cropped-logo-longueur-vecto-petit.jpg?fit=500%2C181&ssl=1\",\"width\":500,\"height\":181,\"caption\":\"Le Jardin du March\u00e9\"},\"image\":{\"@id\":\"https:\\\/\\\/lejardindumarche.com\\\/#\\\/schema\\\/logo\\\/image\\\/\"}}]}<\/script>\n<!-- \/ Yoast SEO plugin. -->","yoast_head_json":{"title":"carte du d\u00e9jeuner D\u00e9jeuner - Le Jardin du March\u00e9","description":"D\u00e9couvrez la carte du menu du d\u00e9jeuner du restaurant le Jardin du March\u00e9 \u00e0 La Rochelle","robots":{"index":"index","follow":"follow","max-snippet":"max-snippet:-1","max-image-preview":"max-image-preview:large","max-video-preview":"max-video-preview:-1"},"canonical":"https:\/\/lejardindumarche.com\/index.php\/carte-dejeuner-jardin-du-marche-la-rochelle\/","og_locale":"fr_FR","og_type":"article","og_title":"carte du d\u00e9jeuner D\u00e9jeuner - Le Jardin du March\u00e9","og_description":"D\u00e9couvrez la carte du menu du d\u00e9jeuner du restaurant le Jardin du March\u00e9 \u00e0 La Rochelle","og_url":"https:\/\/lejardindumarche.com\/index.php\/carte-dejeuner-jardin-du-marche-la-rochelle\/","og_site_name":"Le Jardin du March\u00e9","article_modified_time":"2025-08-05T08:37:03+00:00","og_image":[{"url":"https:\/\/lejardindumarche.com\/wp-content\/uploads\/2025\/08\/Le-Jardin-du-Marche-dejeuner-juillet-aout-2025.pdf","type":"","width":"","height":""}],"twitter_card":"summary_large_image","twitter_misc":{"Dur\u00e9e de lecture estim\u00e9e":"1 minute"},"schema":{"@context":"https:\/\/schema.org","@graph":[{"@type":"WebPage","@id":"https:\/\/lejardindumarche.com\/index.php\/carte-dejeuner-jardin-du-marche-la-rochelle\/","url":"https:\/\/lejardindumarche.com\/index.php\/carte-dejeuner-jardin-du-marche-la-rochelle\/","name":"carte du d\u00e9jeuner D\u00e9jeuner - Le Jardin du March\u00e9","isPartOf":{"@id":"https:\/\/lejardindumarche.com\/#website"},"primaryImageOfPage":{"@id":"https:\/\/lejardindumarche.com\/index.php\/carte-dejeuner-jardin-du-marche-la-rochelle\/#primaryimage"},"image":{"@id":"https:\/\/lejardindumarche.com\/index.php\/carte-dejeuner-jardin-du-marche-la-rochelle\/#primaryimage"},"thumbnailUrl":"https:\/\/lejardindumarche.com\/wp-content\/uploads\/2025\/08\/Le-Jardin-du-Marche-dejeuner-juillet-aout-2025.pdf","datePublished":"2021-05-10T08:10:51+00:00","dateModified":"2025-08-05T08:37:03+00:00","description":"D\u00e9couvrez la carte du menu du d\u00e9jeuner du restaurant le Jardin du March\u00e9 \u00e0 La Rochelle","breadcrumb":{"@id":"https:\/\/lejardindumarche.com\/index.php\/carte-dejeuner-jardin-du-marche-la-rochelle\/#breadcrumb"},"inLanguage":"fr-FR","potentialAction":[{"@type":"ReadAction","target":["https:\/\/lejardindumarche.com\/index.php\/carte-dejeuner-jardin-du-marche-la-rochelle\/"]}]},{"@type":"ImageObject","inLanguage":"fr-FR","@id":"https:\/\/lejardindumarche.com\/index.php\/carte-dejeuner-jardin-du-marche-la-rochelle\/#primaryimage","url":"https:\/\/lejardindumarche.com\/wp-content\/uploads\/2025\/08\/Le-Jardin-du-Marche-dejeuner-juillet-aout-2025-pdf.jpg","contentUrl":"https:\/\/lejardindumarche.com\/wp-content\/uploads\/2025\/08\/Le-Jardin-du-Marche-dejeuner-juillet-aout-2025-pdf.jpg"},{"@type":"BreadcrumbList","@id":"https:\/\/lejardindumarche.com\/index.php\/carte-dejeuner-jardin-du-marche-la-rochelle\/#breadcrumb","itemListElement":[{"@type":"ListItem","position":1,"name":"Accueil","item":"https:\/\/lejardindumarche.com\/"},{"@type":"ListItem","position":2,"name":"D\u00e9jeuner"}]},{"@type":"WebSite","@id":"https:\/\/lejardindumarche.com\/#website","url":"https:\/\/lejardindumarche.com\/","name":"Le Jardin du March\u00e9","description":"Petit lieu gourmand et \u00e9thique","publisher":{"@id":"https:\/\/lejardindumarche.com\/#organization"},"potentialAction":[{"@type":"SearchAction","target":{"@type":"EntryPoint","urlTemplate":"https:\/\/lejardindumarche.com\/?s={search_term_string}"},"query-input":{"@type":"PropertyValueSpecification","valueRequired":true,"valueName":"search_term_string"}}],"inLanguage":"fr-FR"},{"@type":"Organization","@id":"https:\/\/lejardindumarche.com\/#organization","name":"Le Jardin du March\u00e9","url":"https:\/\/lejardindumarche.com\/","logo":{"@type":"ImageObject","inLanguage":"fr-FR","@id":"https:\/\/lejardindumarche.com\/#\/schema\/logo\/image\/","url":"https:\/\/i0.wp.com\/lejardindumarche.com\/wp-content\/uploads\/2021\/03\/cropped-logo-longueur-vecto-petit.jpg?fit=500%2C181&ssl=1","contentUrl":"https:\/\/i0.wp.com\/lejardindumarche.com\/wp-content\/uploads\/2021\/03\/cropped-logo-longueur-vecto-petit.jpg?fit=500%2C181&ssl=1","width":500,"height":181,"caption":"Le Jardin du March\u00e9"},"image":{"@id":"https:\/\/lejardindumarche.com\/#\/schema\/logo\/image\/"}}]}},"jetpack_sharing_enabled":true,"_links":{"self":[{"href":"https:\/\/lejardindumarche.com\/index.php\/wp-json\/wp\/v2\/pages\/1306","targetHints":{"allow":["GET"]}}],"collection":[{"href":"https:\/\/lejardindumarche.com\/index.php\/wp-json\/wp\/v2\/pages"}],"about":[{"href":"https:\/\/lejardindumarche.com\/index.php\/wp-json\/wp\/v2\/types\/page"}],"author":[{"embeddable":true,"href":"https:\/\/lejardindumarche.com\/index.php\/wp-json\/wp\/v2\/users\/1"}],"replies":[{"embeddable":true,"href":"https:\/\/lejardindumarche.com\/index.php\/wp-json\/wp\/v2\/comments?post=1306"}],"version-history":[{"count":118,"href":"https:\/\/lejardindumarche.com\/index.php\/wp-json\/wp\/v2\/pages\/1306\/revisions"}],"predecessor-version":[{"id":2617,"href":"https:\/\/lejardindumarche.com\/index.php\/wp-json\/wp\/v2\/pages\/1306\/revisions\/2617"}],"wp:attachment":[{"href":"https:\/\/lejardindumarche.com\/index.php\/wp-json\/wp\/v2\/media?parent=1306"}],"curies":[{"name":"wp","href":"https:\/\/api.w.org\/{rel}","templated":true}]}}